{"id":2,"date":"2014-05-29T17:41:11","date_gmt":"2014-05-29T17:41:11","guid":{"rendered":"http:\/\/kaunix.ee\/?page_id=2"},"modified":"2018-04-04T10:59:50","modified_gmt":"2018-04-04T07:59:50","slug":"demoleht","status":"publish","type":"page","link":"https:\/\/kaunix.ee\/","title":{"rendered":"Meist"},"content":{"rendered":"<p><strong>Kaunix O\u00dc<\/strong> on loodud et aidata inimesi nii aias kui toas.<\/p>\n<p>Tegeleme aedade\u00a0 rajamisega ja hilisema hooldamisega ning pakume aastaringset toataimede p\u00fcsihooldust.<\/p>\n<p>Meie teenuste nimistusse kuulub ka linnahaljastus, parkide hooldamine ning avalike haljasalade ja korteri\u00fchistuste juurde kuuluva \u00fcmbruse heakorra-ja haljastust\u00f6\u00f6d.<\/p>\n<p>Peame oluliseks, et haljastus\u00a0 oleks ilus, praktiline ning atraktiivne k\u00f5igil aastaaegadel ning pakuks silmailu l\u00e4htuvalt teie harjumustest, unistustest ning v\u00f5imalustest.<\/p>\n<p>Meie missioon on tagada inimestele kaunis ja roheline elu- ja t\u00f6\u00f6keskkond.<\/p>\n","protected":false},"excerpt":{"rendered":"<p>Kaunix O\u00dc on loodud et aidata inimesi nii aias kui toas. Tegeleme aedade\u00a0 rajamisega ja hilisema hooldamisega ning pakume aastaringset toataimede p\u00fcsihooldust. Meie teenuste nimistusse kuulub ka linnahaljastus, parkide hooldamine ning avalike haljasalade ja korteri\u00fchistuste juurde kuuluva \u00fcmbruse heakorra-ja haljastust\u00f6\u00f6d. Peame oluliseks, et haljastus\u00a0 oleks ilus, praktiline ning atraktiivne k\u00f5igil aastaaegadel ning pakuks silmailu l\u00e4htuvalt [&hellip;]<\/p>\n","protected":false},"author":1,"featured_media":0,"parent":0,"menu_order":0,"comment_status":"closed","ping_status":"closed","template":"","meta":{"footnotes":""},"_links":{"self":[{"href":"https:\/\/kaunix.ee\/index.php?rest_route=\/wp\/v2\/pages\/2"}],"collection":[{"href":"https:\/\/kaunix.ee\/index.php?rest_route=\/wp\/v2\/pages"}],"about":[{"href":"https:\/\/kaunix.ee\/index.php?rest_route=\/wp\/v2\/types\/page"}],"author":[{"embeddable":true,"href":"https:\/\/kaunix.ee\/index.php?rest_route=\/wp\/v2\/users\/1"}],"replies":[{"embeddable":true,"href":"https:\/\/kaunix.ee\/index.php?rest_route=%2Fwp%2Fv2%2Fcomments&post=2"}],"version-history":[{"count":10,"href":"https:\/\/kaunix.ee\/index.php?rest_route=\/wp\/v2\/pages\/2\/revisions"}],"predecessor-version":[{"id":94,"href":"https:\/\/kaunix.ee\/index.php?rest_route=\/wp\/v2\/pages\/2\/revisions\/94"}],"wp:attachment":[{"href":"https:\/\/kaunix.ee\/index.php?rest_route=%2Fwp%2Fv2%2Fmedia&parent=2"}],"curies":[{"name":"wp","href":"https:\/\/api.w.org\/{rel}","templated":true}]}}