{"id":50,"date":"2014-05-29T23:46:10","date_gmt":"2014-05-29T20:46:10","guid":{"rendered":"http:\/\/kaunix.ee\/?page_id=50"},"modified":"2018-04-04T13:00:35","modified_gmt":"2018-04-04T10:00:35","slug":"pakutavad-teenused","status":"publish","type":"page","link":"https:\/\/kaunix.ee\/?page_id=50","title":{"rendered":"Pakutavad teenused"},"content":{"rendered":"<p>&nbsp;<\/p>\n<ul>\n<li>Istutusalade rajamine ja hooldus<\/li>\n<li>Haljastus- ja aiat\u00f6\u00f6d<\/li>\n<li><span style=\"line-height: 1.714285714; font-size: 1rem;\">Muru rajamine<\/span><\/li>\n<li>Muru niitmine<\/li>\n<li><span style=\"line-height: 1.714285714; font-size: 1rem;\">Puude\u00a0 ja p\u00f5\u00f5sate noorendamine ja kujundusl\u00f5ikus<\/span><\/li>\n<li>Rooside hooldus, l\u00f5ikamine, taimekaitse, katmine<\/li>\n<li>K\u00e4ndude freesimine<\/li>\n<li>Transportteenused<\/li>\n<\/ul>\n<p>&nbsp;<\/p>\n","protected":false},"excerpt":{"rendered":"<p>&nbsp; Istutusalade rajamine ja hooldus Haljastus- ja aiat\u00f6\u00f6d Muru rajamine Muru niitmine Puude\u00a0 ja p\u00f5\u00f5sate noorendamine ja kujundusl\u00f5ikus Rooside hooldus, l\u00f5ikamine, taimekaitse, katmine K\u00e4ndude freesimine Transportteenused &nbsp;<\/p>\n","protected":false},"author":1,"featured_media":0,"parent":0,"menu_order":0,"comment_status":"closed","ping_status":"open","template":"","meta":{"footnotes":""},"_links":{"self":[{"href":"https:\/\/kaunix.ee\/index.php?rest_route=\/wp\/v2\/pages\/50"}],"collection":[{"href":"https:\/\/kaunix.ee\/index.php?rest_route=\/wp\/v2\/pages"}],"about":[{"href":"https:\/\/kaunix.ee\/index.php?rest_route=\/wp\/v2\/types\/page"}],"author":[{"embeddable":true,"href":"https:\/\/kaunix.ee\/index.php?rest_route=\/wp\/v2\/users\/1"}],"replies":[{"embeddable":true,"href":"https:\/\/kaunix.ee\/index.php?rest_route=%2Fwp%2Fv2%2Fcomments&post=50"}],"version-history":[{"count":6,"href":"https:\/\/kaunix.ee\/index.php?rest_route=\/wp\/v2\/pages\/50\/revisions"}],"predecessor-version":[{"id":138,"href":"https:\/\/kaunix.ee\/index.php?rest_route=\/wp\/v2\/pages\/50\/revisions\/138"}],"wp:attachment":[{"href":"https:\/\/kaunix.ee\/index.php?rest_route=%2Fwp%2Fv2%2Fmedia&parent=50"}],"curies":[{"name":"wp","href":"https:\/\/api.w.org\/{rel}","templated":true}]}}